{"id":30,"date":"2025-01-04T05:08:43","date_gmt":"2025-01-04T05:08:43","guid":{"rendered":"https:\/\/demo.awaikenthemes.com\/artistics\/social-media-marketing\/?page_id=30"},"modified":"2025-12-11T18:05:48","modified_gmt":"2025-12-11T18:05:48","slug":"contact-us","status":"publish","type":"page","link":"https:\/\/zoemkt.com\/es\/contact-us\/","title":{"rendered":"Contacto"},"content":{"rendered":"<div data-elementor-type=\"wp-page\" data-elementor-id=\"30\" class=\"elementor elementor-30\">\n\t\t\t\t<div data-ekitparallax=\"{&quot;ekit_section_parallax_bg&quot;:&quot;yes&quot;,&quot;ekit_section_parallax_bg_speed&quot;:0.5,&quot;elementor_lazy_load&quot;:&quot;1&quot;}\" class=\"elementor-element elementor-element-dfc6a60 e-flex e-con-boxed e-con e-parent\" data-id=\"dfc6a60\" data-element_type=\"container\" data-settings=\"{&quot;background_background&quot;:&quot;classic&quot;}\">\n\t\t\t\t\t<div class=\"e-con-inner\">\n\t\t<div class=\"elementor-element elementor-element-c119c5e e-con-full e-flex e-con e-child\" data-id=\"c119c5e\" data-element_type=\"container\">\n\t\t\t\t<div class=\"elementor-element elementor-element-96b7791 at-heading-animation at-animation-heading-style-2 elementor-widget elementor-widget-heading\" data-id=\"96b7791\" data-element_type=\"widget\" data-settings=\"{&quot;ekit_we_effect_on&quot;:&quot;none&quot;}\" data-widget_type=\"heading.default\">\n\t\t\t\t<div class=\"elementor-widget-container\">\n\t\t\t\t\t<h1 class=\"elementor-heading-title elementor-size-default\"><a href=\"https:\/\/zoemkt.com\/es\/contact-us\/\"> <span> CONTACTO \u2014 \u00a1DI HOLA! <\/span><\/a><\/h1>\t\t\t\t<\/div>\n\t\t\t\t<\/div>\n\t\t\t\t<\/div>\n\t\t\t\t\t<\/div>\n\t\t\t\t<\/div>\n\t\t<div class=\"elementor-element elementor-element-632323c e-con-full e-flex e-con e-parent\" data-id=\"632323c\" data-element_type=\"container\">\n\t\t<div class=\"elementor-element elementor-element-7c572ca e-con-full e-flex e-con e-child\" data-id=\"7c572ca\" data-element_type=\"container\" data-settings=\"{&quot;background_background&quot;:&quot;classic&quot;}\">\n\t\t\t\t<div class=\"elementor-element elementor-element-04b3583 our-scrolling-ticker ticker-position-left elementor-widget elementor-widget-elementskit-content-ticker\" data-id=\"04b3583\" data-element_type=\"widget\" data-settings=\"{&quot;ekit_we_effect_on&quot;:&quot;none&quot;}\" data-widget_type=\"elementskit-content-ticker.default\">\n\t\t\t\t<div class=\"elementor-widget-container\">\n\t\t\t\t\t<div class=\"ekit-wid-con\" >\n\t\t<div id=\"content-ticker-04b3583\" class=\"ekit-content-ticker-wrapper\" data-content-settings=\"{&quot;type&quot;:&quot;content_ticker&quot;,&quot;settingOptions&quot;:{&quot;tickerSpeed&quot;:30,&quot;tickerDirection&quot;:null,&quot;tickerEffect&quot;:&quot;marquee&quot;,&quot;tickerAutoPlay&quot;:null,&quot;tickerDelay&quot;:3,&quot;tickerReverseDirection&quot;:&quot;&quot;,&quot;tickerGapBetween&quot;:&quot;&quot;,&quot;tickerGrabCursor&quot;:null}}\">\n\t\t\t<div class=\"ekit-content-items\">\n\t\t\t\t\t\t\t\t\t<div class=\"ticker ekitMarqueeSwiper ekit-marquee\">\n\t\t\t\t\t\t<div class=\"marquee-wrapper\">\n\t\t\t\t\t\t\t\t\t\t<div class=\"elementor-repeater-item-c85c956 ekit-marquee-item ticker-item\">\n\t\t\t\t \n\t\t\t\t<div class=\"ekit-title-and-description\">\n\t\t\t\t\t<a href=\"https:\/\/zoemkt.com\/es\/services\/amazon-fba\/\">AMAZON FBA<\/a>\n\t\t\t\t\t\t\t\t\t<\/div>\n\t\t\t<\/div>\n\t\t\t\t\t<div class=\"elementor-repeater-item-8640482 ekit-marquee-item ticker-item\">\n\t\t\t\t<img fetchpriority=\"high\" decoding=\"async\" width=\"225\" height=\"225\" src=\"https:\/\/zoemkt.com\/wp-content\/uploads\/2025\/10\/zoemkt-ticker.webp\" class=\"attachment-full size-full wp-image-10554\" alt=\"\" srcset=\"https:\/\/zoemkt.com\/wp-content\/uploads\/2025\/10\/zoemkt-ticker.webp 225w, https:\/\/zoemkt.com\/wp-content\/uploads\/2025\/10\/zoemkt-ticker-150x150.webp 150w, https:\/\/zoemkt.com\/wp-content\/uploads\/2025\/10\/zoemkt-ticker-12x12.webp 12w\" sizes=\"(max-width: 225px) 100vw, 225px\" \/> \n\t\t\t\t<div class=\"ekit-title-and-description\">\n\t\t\t\t\t<a href=\"https:\/\/zoemkt.com\/es\/services\/amazon-fba\/\"><\/a>\n\t\t\t\t\t\t\t\t\t<\/div>\n\t\t\t<\/div>\n\t\t\t\t\t<div class=\"elementor-repeater-item-483b29a ekit-marquee-item ticker-item\">\n\t\t\t\t \n\t\t\t\t<div class=\"ekit-title-and-description\">\n\t\t\t\t\t<a href=\"https:\/\/zoemkt.com\/es\/services\/google-social-media-ads\/\">ANUNCIOS GOOGLE<\/a>\n\t\t\t\t\t\t\t\t\t<\/div>\n\t\t\t<\/div>\n\t\t\t\t\t<div class=\"elementor-repeater-item-daa2402 ekit-marquee-item ticker-item\">\n\t\t\t\t<img fetchpriority=\"high\" decoding=\"async\" width=\"225\" height=\"225\" src=\"https:\/\/zoemkt.com\/wp-content\/uploads\/2025\/10\/zoemkt-ticker.webp\" class=\"attachment-full size-full wp-image-10554\" alt=\"\" srcset=\"https:\/\/zoemkt.com\/wp-content\/uploads\/2025\/10\/zoemkt-ticker.webp 225w, https:\/\/zoemkt.com\/wp-content\/uploads\/2025\/10\/zoemkt-ticker-150x150.webp 150w, https:\/\/zoemkt.com\/wp-content\/uploads\/2025\/10\/zoemkt-ticker-12x12.webp 12w\" sizes=\"(max-width: 225px) 100vw, 225px\" \/> \n\t\t\t\t<div class=\"ekit-title-and-description\">\n\t\t\t\t\t<a href=\"https:\/\/zoemkt.com\/es\/services\/google-social-media-ads\/\"><\/a>\n\t\t\t\t\t\t\t\t\t<\/div>\n\t\t\t<\/div>\n\t\t\t\t\t<div class=\"elementor-repeater-item-1ab9a71 ekit-marquee-item ticker-item\">\n\t\t\t\t \n\t\t\t\t<div class=\"ekit-title-and-description\">\n\t\t\t\t\t<a href=\"https:\/\/zoemkt.com\/es\/services\/amazon-fba\/\">YOUTUBE<\/a>\n\t\t\t\t\t\t\t\t\t<\/div>\n\t\t\t<\/div>\n\t\t\t\t\t<div class=\"elementor-repeater-item-c95a7e1 ekit-marquee-item ticker-item\">\n\t\t\t\t<img fetchpriority=\"high\" decoding=\"async\" width=\"225\" height=\"225\" src=\"https:\/\/zoemkt.com\/wp-content\/uploads\/2025\/10\/zoemkt-ticker.webp\" class=\"attachment-full size-full wp-image-10554\" alt=\"\" srcset=\"https:\/\/zoemkt.com\/wp-content\/uploads\/2025\/10\/zoemkt-ticker.webp 225w, https:\/\/zoemkt.com\/wp-content\/uploads\/2025\/10\/zoemkt-ticker-150x150.webp 150w, https:\/\/zoemkt.com\/wp-content\/uploads\/2025\/10\/zoemkt-ticker-12x12.webp 12w\" sizes=\"(max-width: 225px) 100vw, 225px\" \/> \n\t\t\t\t<div class=\"ekit-title-and-description\">\n\t\t\t\t\t<a href=\"https:\/\/zoemkt.com\/es\/services\/amazon-fba\/\"><\/a>\n\t\t\t\t\t\t\t\t\t<\/div>\n\t\t\t<\/div>\n\t\t\t\t\t<div class=\"elementor-repeater-item-4c0de3f ekit-marquee-item ticker-item\">\n\t\t\t\t \n\t\t\t\t<div class=\"ekit-title-and-description\">\n\t\t\t\t\t<a href=\"https:\/\/zoemkt.com\/es\/services\/amazon-fba\/\">TIKTOK SHOPS<\/a>\n\t\t\t\t\t\t\t\t\t<\/div>\n\t\t\t<\/div>\n\t\t\t\t\t<div class=\"elementor-repeater-item-179b9e9 ekit-marquee-item ticker-item\">\n\t\t\t\t<img fetchpriority=\"high\" decoding=\"async\" width=\"225\" height=\"225\" src=\"https:\/\/zoemkt.com\/wp-content\/uploads\/2025\/10\/zoemkt-ticker.webp\" class=\"attachment-full size-full wp-image-10554\" alt=\"\" srcset=\"https:\/\/zoemkt.com\/wp-content\/uploads\/2025\/10\/zoemkt-ticker.webp 225w, https:\/\/zoemkt.com\/wp-content\/uploads\/2025\/10\/zoemkt-ticker-150x150.webp 150w, https:\/\/zoemkt.com\/wp-content\/uploads\/2025\/10\/zoemkt-ticker-12x12.webp 12w\" sizes=\"(max-width: 225px) 100vw, 225px\" \/> \n\t\t\t\t<div class=\"ekit-title-and-description\">\n\t\t\t\t\t<a href=\"https:\/\/zoemkt.com\/es\/services\/amazon-fba\/\"><\/a>\n\t\t\t\t\t\t\t\t\t<\/div>\n\t\t\t<\/div>\n\t\t\t\t\t<div class=\"elementor-repeater-item-f72ec55 ekit-marquee-item ticker-item\">\n\t\t\t\t \n\t\t\t\t<div class=\"ekit-title-and-description\">\n\t\t\t\t\t<a href=\"https:\/\/zoemkt.com\/es\/services\/web-design-ecommerce-branding\/\">DESIGN<\/a>\n\t\t\t\t\t\t\t\t\t<\/div>\n\t\t\t<\/div>\n\t\t\t\t\t<div class=\"elementor-repeater-item-dec10e7 ekit-marquee-item ticker-item\">\n\t\t\t\t<img fetchpriority=\"high\" decoding=\"async\" width=\"225\" height=\"225\" src=\"https:\/\/zoemkt.com\/wp-content\/uploads\/2025\/10\/zoemkt-ticker.webp\" class=\"attachment-full size-full wp-image-10554\" alt=\"\" srcset=\"https:\/\/zoemkt.com\/wp-content\/uploads\/2025\/10\/zoemkt-ticker.webp 225w, https:\/\/zoemkt.com\/wp-content\/uploads\/2025\/10\/zoemkt-ticker-150x150.webp 150w, https:\/\/zoemkt.com\/wp-content\/uploads\/2025\/10\/zoemkt-ticker-12x12.webp 12w\" sizes=\"(max-width: 225px) 100vw, 225px\" \/> \n\t\t\t\t<div class=\"ekit-title-and-description\">\n\t\t\t\t\t<a href=\"https:\/\/zoemkt.com\/es\/services\/web-design-ecommerce-branding\/\"><\/a>\n\t\t\t\t\t\t\t\t\t<\/div>\n\t\t\t<\/div>\n\t\t\t\t\t\t\t\t<\/div>\n\t\t\t\t\t<\/div>\n\t\t\t\t\t\t\t<\/div>\n\t\t<\/div>\n\t\t<\/div>\t\t\t\t<\/div>\n\t\t\t\t<\/div>\n\t\t\t\t<\/div>\n\t\t\t\t<\/div>\n\t\t<div class=\"elementor-element elementor-element-53ee2a8 demo-3-contact-information-item e-flex e-con-boxed e-con e-parent\" data-id=\"53ee2a8\" data-element_type=\"container\">\n\t\t\t\t\t<div class=\"e-con-inner\">\n\t\t<div class=\"elementor-element elementor-element-dfd735f e-con-full e-flex e-con e-child\" data-id=\"dfd735f\" data-element_type=\"container\">\n\t\t<div class=\"elementor-element elementor-element-b0fc4ec e-con-full contact-info-box e-flex e-con e-child\" data-id=\"b0fc4ec\" data-element_type=\"container\" data-settings=\"{&quot;background_background&quot;:&quot;classic&quot;}\">\n\t\t<div class=\"elementor-element elementor-element-20a3ef3 e-con-full contact-information e-flex e-con e-child\" data-id=\"20a3ef3\" data-element_type=\"container\" data-settings=\"{&quot;background_background&quot;:&quot;classic&quot;}\">\n\t\t\t\t<div class=\"elementor-element elementor-element-16554f0 ekit-equal-height-disable elementor-widget elementor-widget-elementskit-icon-box\" data-id=\"16554f0\" data-element_type=\"widget\" data-settings=\"{&quot;ekit_we_effect_on&quot;:&quot;none&quot;}\" data-widget_type=\"elementskit-icon-box.default\">\n\t\t\t\t<div class=\"elementor-widget-container\">\n\t\t\t\t\t<div class=\"ekit-wid-con\" >        <!-- link opening -->\n                <!-- end link opening -->\n\n        <div class=\"elementskit-infobox text-center text- icon-top-align elementor-animation-\">\n                    <div class=\"elementskit-box-header elementor-animation-\">\n                <div class=\"elementskit-info-box-icon\">\n                    <svg xmlns=\"http:\/\/www.w3.org\/2000\/svg\" width=\"39\" height=\"32\" viewbox=\"0 0 39 32\" fill=\"none\"><path d=\"M35.1939 1.2207H3.76535C2.18739 1.2207 0.908203 2.49989 0.908203 4.07785V28.3636C0.908203 29.9415 2.18739 31.2207 3.76535 31.2207H35.1939C36.7719 31.2207 38.0511 29.9415 38.0511 28.3636V4.07785C38.0511 2.49989 36.7719 1.2207 35.1939 1.2207Z\" stroke=\"currentColor\" stroke-width=\"1.5\" stroke-linecap=\"round\" stroke-linejoin=\"round\"><\/path><path d=\"M0.908203 4.79199L17.6511 19.0777C18.1645 19.5053 18.8115 19.7395 19.4796 19.7395C20.1478 19.7395 20.7948 19.5053 21.3082 19.0777L38.0511 4.79199\" stroke=\"currentColor\" stroke-width=\"1.5\" stroke-linecap=\"round\" stroke-linejoin=\"round\"><\/path><\/svg>\n                <\/div>\n          <\/div>\n                        <div class=\"box-body\">\n                            <h3 class=\"elementskit-info-box-title\">\n                    Env\u00edanos un correo hoy para obtener soluciones expertas en marketing digital.                <\/h3>\n                        \t\t  \t<p><a href=\"mailto:hi@zoemkt.com\">hi@zoemkt.com<\/a><\/p>\n                                <\/div>\n        \n        \n                <\/div>\n        <\/div>\t\t\t\t<\/div>\n\t\t\t\t<\/div>\n\t\t\t\t<\/div>\n\t\t<div class=\"elementor-element elementor-element-33e2080 e-con-full contact-information active e-flex e-con e-child\" data-id=\"33e2080\" data-element_type=\"container\" data-settings=\"{&quot;background_background&quot;:&quot;classic&quot;}\">\n\t\t\t\t<div class=\"elementor-element elementor-element-abd3751 ekit-equal-height-disable elementor-widget elementor-widget-elementskit-icon-box\" data-id=\"abd3751\" data-element_type=\"widget\" data-settings=\"{&quot;ekit_we_effect_on&quot;:&quot;none&quot;}\" data-widget_type=\"elementskit-icon-box.default\">\n\t\t\t\t<div class=\"elementor-widget-container\">\n\t\t\t\t\t<div class=\"ekit-wid-con\" >        <!-- link opening -->\n                <!-- end link opening -->\n\n        <div class=\"elementskit-infobox text-center text- icon-top-align elementor-animation-\">\n                    <div class=\"elementskit-box-header elementor-animation-\">\n                <div class=\"elementskit-info-box-icon\">\n                    <svg xmlns=\"http:\/\/www.w3.org\/2000\/svg\" width=\"40\" height=\"41\" viewbox=\"0 0 40 41\" fill=\"none\"><path d=\"M25.0273 37.1629C26.7868 38.298 28.8835 38.7927 30.9649 38.5638C33.0462 38.3348 34.9852 37.3962 36.4559 35.9058L37.7416 34.6486C38.3053 34.0721 38.6209 33.2978 38.6209 32.4915C38.6209 31.6852 38.3053 30.9109 37.7416 30.3344L32.2845 24.9344C31.7127 24.3725 30.9432 24.0576 30.1416 24.0576C29.34 24.0576 28.5705 24.3725 27.9988 24.9344V24.9344C27.4222 25.498 26.6479 25.8136 25.8416 25.8136C25.0353 25.8136 24.261 25.498 23.6845 24.9344L15.113 16.3629C14.8271 16.0811 14.6 15.7453 14.4451 15.375C14.2901 15.0047 14.2103 14.6072 14.2103 14.2058C14.2103 13.8043 14.2901 13.4069 14.4451 13.0366C14.6 12.6662 14.8271 12.3304 15.113 12.0486V12.0486C15.6749 11.4769 15.9898 10.7074 15.9898 9.90578C15.9898 9.10418 15.6749 8.33465 15.113 7.76293L9.68447 2.33435C9.10792 1.77068 8.33364 1.45508 7.52733 1.45508C6.72102 1.45508 5.94674 1.77068 5.37018 2.33435L4.11304 3.62007C2.6226 5.09076 1.684 7.02979 1.45505 9.11112C1.22611 11.1924 1.72078 13.2891 2.8559 15.0486C8.77031 23.765 16.2957 31.271 25.0273 37.1629V37.1629Z\" stroke=\"currentColor\" stroke-width=\"1.5\" stroke-linecap=\"round\" stroke-linejoin=\"round\"><\/path><\/svg>\n                <\/div>\n          <\/div>\n                        <div class=\"box-body\">\n                            <h3 class=\"elementskit-info-box-title\">\n                    Cont\u00e1ctanos para elevar tu marca y alcanzar el \u00e9xito en l\u00ednea.                <\/h3>\n                        \t\t  \t<p><a href=\"tel:++1 737 414 6197\">+1 737 414 6197<\/a><\/p>\n                                <\/div>\n        \n        \n                <\/div>\n        <\/div>\t\t\t\t<\/div>\n\t\t\t\t<\/div>\n\t\t\t\t<\/div>\n\t\t<div class=\"elementor-element elementor-element-0decc52 e-con-full contact-information e-flex e-con e-child\" data-id=\"0decc52\" data-element_type=\"container\" data-settings=\"{&quot;background_background&quot;:&quot;classic&quot;}\">\n\t\t\t\t<div class=\"elementor-element elementor-element-7f1125b ekit-equal-height-disable elementor-widget elementor-widget-elementskit-icon-box\" data-id=\"7f1125b\" data-element_type=\"widget\" data-settings=\"{&quot;ekit_we_effect_on&quot;:&quot;none&quot;}\" data-widget_type=\"elementskit-icon-box.default\">\n\t\t\t\t<div class=\"elementor-widget-container\">\n\t\t\t\t\t<div class=\"ekit-wid-con\" >        <!-- link opening -->\n                <!-- end link opening -->\n\n        <div class=\"elementskit-infobox text-center text- icon-top-align elementor-animation-\">\n                    <div class=\"elementskit-box-header elementor-animation-\">\n                <div class=\"elementskit-info-box-icon\">\n                    <svg xmlns=\"http:\/\/www.w3.org\/2000\/svg\" width=\"51\" height=\"51\" viewbox=\"0 0 51 51\" fill=\"none\"><path d=\"M41.9192 18.5952C41.9192 27.488 25.8478 48.9523 25.8478 48.9523C25.8478 48.9523 9.77637 27.488 9.77637 18.5952C9.77637 14.3328 11.4696 10.2449 14.4836 7.23095C17.4976 4.21698 21.5854 2.52374 25.8478 2.52374C30.1102 2.52374 34.198 4.21698 37.212 7.23095C40.226 10.2449 41.9192 14.3328 41.9192 18.5952V18.5952Z\" stroke=\"currentColor\" stroke-width=\"1.5\" stroke-linecap=\"round\" stroke-linejoin=\"round\"><\/path><path d=\"M25.8474 23.9523C28.806 23.9523 31.2045 21.5538 31.2045 18.5952C31.2045 15.6365 28.806 13.238 25.8474 13.238C22.8887 13.238 20.4902 15.6365 20.4902 18.5952C20.4902 21.5538 22.8887 23.9523 25.8474 23.9523Z\" stroke=\"currentColor\" stroke-width=\"1.5\" stroke-linecap=\"round\" stroke-linejoin=\"round\"><\/path><\/svg>\n                <\/div>\n          <\/div>\n                        <div class=\"box-body\">\n                            <h3 class=\"elementskit-info-box-title\">\n                    Ofrecemos servicio en todo Estados Unidos.                 <\/h3>\n                                            <\/div>\n        \n        \n                <\/div>\n        <\/div>\t\t\t\t<\/div>\n\t\t\t\t<\/div>\n\t\t\t\t<\/div>\n\t\t\t\t<\/div>\n\t\t\t\t<\/div>\n\t\t\t\t\t<\/div>\n\t\t\t\t<\/div>\n\t\t<div class=\"elementor-element elementor-element-0489fc5 demo-3-contact-us-form e-flex e-con-boxed e-con e-parent\" data-id=\"0489fc5\" data-element_type=\"container\">\n\t\t\t\t\t<div class=\"e-con-inner\">\n\t\t<div class=\"elementor-element elementor-element-445fe67 e-con-full section-row e-flex e-con e-child\" data-id=\"445fe67\" data-element_type=\"container\">\n\t\t<div class=\"elementor-element elementor-element-f639f79 e-con-full e-flex e-con e-child\" data-id=\"f639f79\" data-element_type=\"container\">\n\t\t\t\t<div class=\"elementor-element elementor-element-14b8274 section-title at-heading-animation at-animation-heading-none elementor-invisible elementor-widget elementor-widget-heading\" data-id=\"14b8274\" data-element_type=\"widget\" data-settings=\"{&quot;_animation&quot;:&quot;fadeInUp&quot;,&quot;ekit_we_effect_on&quot;:&quot;none&quot;}\" data-widget_type=\"heading.default\">\n\t\t\t\t<div class=\"elementor-widget-container\">\n\t\t\t\t\t<h3 class=\"elementor-heading-title elementor-size-default\">CONT\u00c1CTANOS<\/h3>\t\t\t\t<\/div>\n\t\t\t\t<\/div>\n\t\t\t\t<div class=\"elementor-element elementor-element-f8c3e63 at-heading-animation at-animation-heading-style-2 elementor-widget elementor-widget-heading\" data-id=\"f8c3e63\" data-element_type=\"widget\" data-settings=\"{&quot;ekit_we_effect_on&quot;:&quot;none&quot;}\" data-widget_type=\"heading.default\">\n\t\t\t\t<div class=\"elementor-widget-container\">\n\t\t\t\t\t<h2 class=\"elementor-heading-title elementor-size-default\">Ponte en <span>contacto<\/span> con nosotros <\/h2>\t\t\t\t<\/div>\n\t\t\t\t<\/div>\n\t\t\t\t<\/div>\n\t\t<div class=\"elementor-element elementor-element-68377d0 e-con-full e-flex elementor-invisible e-con e-child\" data-id=\"68377d0\" data-element_type=\"container\" data-settings=\"{&quot;animation&quot;:&quot;fadeInUp&quot;,&quot;animation_delay&quot;:100}\">\n\t\t\t\t<div class=\"elementor-element elementor-element-8b7d263 elementor-widget elementor-widget-text-editor\" data-id=\"8b7d263\" data-element_type=\"widget\" data-settings=\"{&quot;ekit_we_effect_on&quot;:&quot;none&quot;}\" data-widget_type=\"text-editor.default\">\n\t\t\t\t<div class=\"elementor-widget-container\">\n\t\t\t\t\t\t\t\t\t<p>Nuestro equipo para recibir estrategias personalizadas de marketing digital que eleven tu marca, conecten con tu audiencia y generen resultados reales.<\/p>\t\t\t\t\t\t\t\t<\/div>\n\t\t\t\t<\/div>\n\t\t\t\t<\/div>\n\t\t\t\t<\/div>\n\t\t<div class=\"elementor-element elementor-element-119b3ab e-con-full e-flex e-con e-child\" data-id=\"119b3ab\" data-element_type=\"container\">\n\t\t<div class=\"elementor-element elementor-element-7f8fb01 e-con-full contact-form e-flex e-con e-child\" data-id=\"7f8fb01\" data-element_type=\"container\" data-settings=\"{&quot;background_background&quot;:&quot;classic&quot;}\">\n\t\t\t\t<div class=\"elementor-element elementor-element-43e670c elementor-invisible elementor-widget elementor-widget-elementskit-contact-form7\" data-id=\"43e670c\" data-element_type=\"widget\" data-settings=\"{&quot;_animation&quot;:&quot;fadeInUp&quot;,&quot;ekit_we_effect_on&quot;:&quot;none&quot;}\" data-widget_type=\"elementskit-contact-form7.default\">\n\t\t\t\t<div class=\"elementor-widget-container\">\n\t\t\t\t\t<div class=\"ekit-wid-con\" ><div class=\"ekit-form\">\n<div class=\"wpcf7 no-js\" id=\"wpcf7-f28-p30-o1\" lang=\"en-US\" dir=\"ltr\" data-wpcf7-id=\"28\">\n<div class=\"screen-reader-response\"><p role=\"status\" aria-live=\"polite\" aria-atomic=\"true\"><\/p> <ul><\/ul><\/div>\n<form action=\"\/es\/contact-us\/#wpcf7-f28-p30-o1\" method=\"post\" class=\"wpcf7-form init\" aria-label=\"Formulario de contacto\" novalidate=\"novalidate\" data-status=\"init\" data-no-translation-aria-label=\"\" data-trp-original-action=\"\/es\/contact-us\/#wpcf7-f28-p30-o1\">\n<fieldset class=\"hidden-fields-container\"><input type=\"hidden\" name=\"_wpcf7\" value=\"28\" \/><input type=\"hidden\" name=\"_wpcf7_version\" value=\"6.1.4\" \/><input type=\"hidden\" name=\"_wpcf7_locale\" value=\"en_US\" \/><input type=\"hidden\" name=\"_wpcf7_unit_tag\" value=\"wpcf7-f28-p30-o1\" \/><input type=\"hidden\" name=\"_wpcf7_container_post\" value=\"30\" \/><input type=\"hidden\" name=\"_wpcf7_posted_data_hash\" value=\"\" \/>\n<\/fieldset>\n<div class=\"row\">\n\t<div class=\"form-group col-md-6 mb-4\">\n\t\t<p><span class=\"wpcf7-form-control-wrap\" data-name=\"fname\"><input size=\"40\" maxlength=\"400\" class=\"wpcf7-form-control wpcf7-text wpcf7-validates-as-required form-control\" id=\"fname\" aria-required=\"true\" aria-invalid=\"false\" placeholder=\"First name\" value=\"\" type=\"text\" name=\"fname\" \/><\/span>\n\t\t<\/p>\n\t<\/div>\n\t<div class=\"form-group col-md-6 mb-4\">\n\t\t<p><span class=\"wpcf7-form-control-wrap\" data-name=\"lname\"><input size=\"40\" maxlength=\"400\" class=\"wpcf7-form-control wpcf7-text wpcf7-validates-as-required form-control\" id=\"lname\" aria-required=\"true\" aria-invalid=\"false\" placeholder=\"Last name\" value=\"\" type=\"text\" name=\"lname\" \/><\/span>\n\t\t<\/p>\n\t<\/div>\n\t<div class=\"form-group col-md-6 mb-4\">\n\t\t<p><span class=\"wpcf7-form-control-wrap\" data-name=\"phone\"><input size=\"40\" maxlength=\"400\" class=\"wpcf7-form-control wpcf7-text wpcf7-validates-as-required form-control\" id=\"phone\" aria-required=\"true\" aria-invalid=\"false\" placeholder=\"Enter your mobile no.\" value=\"\" type=\"text\" name=\"phone\" \/><\/span>\n\t\t<\/p>\n\t<\/div>\n\t<div class=\"form-group col-md-6 mb-4\">\n\t\t<p><span class=\"wpcf7-form-control-wrap\" data-name=\"email\"><input size=\"40\" maxlength=\"400\" class=\"wpcf7-form-control wpcf7-email wpcf7-validates-as-required wpcf7-text wpcf7-validates-as-email form-control\" id=\"email\" aria-required=\"true\" aria-invalid=\"false\" placeholder=\"Enter your e-mail\" value=\"\" type=\"email\" name=\"email\" \/><\/span>\n\t\t<\/p>\n\t<\/div>\n\t<div class=\"form-group col-md-12 mb-4\">\n\t\t<p><span class=\"wpcf7-form-control-wrap\" data-name=\"message\"><textarea cols=\"40\" rows=\"10\" maxlength=\"2000\" class=\"wpcf7-form-control wpcf7-textarea form-control\" id=\"msg\" aria-invalid=\"false\" placeholder=\"Write message...\" name=\"message\"><\/textarea><\/span>\n\t\t<\/p>\n\t<\/div>\n\t<div class=\"col-md-12 form-btn\">\n\t\t<p><input class=\"wpcf7-form-control wpcf7-submit has-spinner btn-default\" id=\"msgSubmit\" type=\"submit\" value=\"submit message\" \/>\n\t\t<\/p>\n\t<\/div>\n<\/div><p style=\"display: none !important;\" class=\"akismet-fields-container\" data-prefix=\"_wpcf7_ak_\"><label>&#916;<textarea name=\"_wpcf7_ak_hp_textarea\" cols=\"45\" rows=\"8\" maxlength=\"100\"><\/textarea><\/label><input type=\"hidden\" id=\"ak_js_1\" name=\"_wpcf7_ak_js\" value=\"3\"\/><script>document.getElementById( \"ak_js_1\" ).setAttribute( \"value\", ( new Date() ).getTime() );<\/script><\/p><div class=\"wpcf7-response-output\" aria-hidden=\"true\"><\/div>\n<input type=\"hidden\" name=\"trp-form-language\" value=\"es\"\/><\/form>\n<\/div>\n<\/div><\/div>\t\t\t\t<\/div>\n\t\t\t\t<\/div>\n\t\t\t\t<\/div>\n\t\t\t\t<\/div>\n\t\t\t\t\t<\/div>\n\t\t\t\t<\/div>\n\t\t\t\t<\/div>","protected":false},"excerpt":{"rendered":"<p>CONTACT SAY HI AMAZON FBA GOOGLE ADS YOUTUBE TIKTOK SHOPS DESIGN Email [&hellip;]<\/p>","protected":false},"author":1,"featured_media":0,"parent":0,"menu_order":0,"comment_status":"closed","ping_status":"closed","template":"elementor_header_footer","meta":{"footnotes":""},"class_list":["post-30","page","type-page","status-publish","hentry"],"_links":{"self":[{"href":"https:\/\/zoemkt.com\/es\/wp-json\/wp\/v2\/pages\/30","targetHints":{"allow":["GET"]}}],"collection":[{"href":"https:\/\/zoemkt.com\/es\/wp-json\/wp\/v2\/pages"}],"about":[{"href":"https:\/\/zoemkt.com\/es\/wp-json\/wp\/v2\/types\/page"}],"author":[{"embeddable":true,"href":"https:\/\/zoemkt.com\/es\/wp-json\/wp\/v2\/users\/1"}],"replies":[{"embeddable":true,"href":"https:\/\/zoemkt.com\/es\/wp-json\/wp\/v2\/comments?post=30"}],"version-history":[{"count":9,"href":"https:\/\/zoemkt.com\/es\/wp-json\/wp\/v2\/pages\/30\/revisions"}],"predecessor-version":[{"id":11297,"href":"https:\/\/zoemkt.com\/es\/wp-json\/wp\/v2\/pages\/30\/revisions\/11297"}],"wp:attachment":[{"href":"https:\/\/zoemkt.com\/es\/wp-json\/wp\/v2\/media?parent=30"}],"curies":[{"name":"wp","href":"https:\/\/api.w.org\/{rel}","templated":true}]}}